{"id":70,"date":"2023-09-05T20:12:00","date_gmt":"2023-09-05T20:12:00","guid":{"rendered":"https:\/\/sites.ouseweb.com.br\/finkler\/?page_id=70"},"modified":"2025-05-07T14:05:49","modified_gmt":"2025-05-07T14:05:49","slug":"quem-somos","status":"publish","type":"page","link":"https:\/\/sites.ouseweb.com.br\/finkler\/quem-somos\/","title":{"rendered":"Quem Somos"},"content":{"rendered":"<div class=\"wpb-content-wrapper\"><p>[vc_row row_height_percent=&#8221;0&#8243; overlay_alpha=&#8221;50&#8243; gutter_size=&#8221;5&#8243; column_width_percent=&#8221;100&#8243; shift_y=&#8221;0&#8243; z_index=&#8221;0&#8243; uncode_shortcode_id=&#8221;100632&#8243;][vc_column column_width_percent=&#8221;100&#8243; position_vertical=&#8221;middle&#8221; gutter_size=&#8221;3&#8243; overlay_alpha=&#8221;50&#8243; shift_x=&#8221;0&#8243; shift_y=&#8221;0&#8243; shift_y_down=&#8221;0&#8243; z_index=&#8221;0&#8243; medium_width=&#8221;0&#8243; mobile_width=&#8221;0&#8243; width=&#8221;1\/2&#8243; uncode_shortcode_id=&#8221;145597&#8243;][vc_single_image media=&#8221;138&#8243; media_width_percent=&#8221;100&#8243; media_ratio=&#8221;one-one&#8221; alignment=&#8221;center&#8221; shape=&#8221;img-round&#8221; radius=&#8221;std&#8221; uncode_shortcode_id=&#8221;921877&#8243;][\/vc_column][vc_column column_width_percent=&#8221;100&#8243; position_vertical=&#8221;middle&#8221; gutter_size=&#8221;3&#8243; overlay_alpha=&#8221;50&#8243; shift_x=&#8221;0&#8243; shift_y=&#8221;0&#8243; shift_y_down=&#8221;0&#8243; z_index=&#8221;0&#8243; medium_width=&#8221;0&#8243; mobile_width=&#8221;0&#8243; width=&#8221;1\/2&#8243; uncode_shortcode_id=&#8221;869984&#8243;][vc_custom_heading uncode_shortcode_id=&#8221;172699&#8243;]<\/p>\n<h1>Quem Somos<\/h1>\n<p>[\/vc_custom_heading][vc_separator sep_color=&#8221;color-866764&#8243; uncode_shortcode_id=&#8221;104083&#8243; sep_color_type=&#8221;uncode-palette&#8221; el_width=&#8221;40px&#8221; el_height=&#8221;5px&#8221;][vc_column_text uncode_shortcode_id=&#8221;191967&#8243;]<\/p>\n<p style=\"text-align: justify;\">A <strong>organiza\u00e7\u00e3o Finkler Com\u00e9rcio de Produtos<\/strong> e Equipamentos para Tratamento de \u00c1guas LTDA \u2013 EPP, \u00e9 uma empresa familiar que iniciou suas atividades no ramo de venda de purificadores de \u00e1gua em outubro de 1999.<\/p>\n<p style=\"text-align: justify;\">As primeiras vendas come\u00e7aram na cidade de Iju\u00ed\/RS. \u00a0Em seguida, a empresa ampliou sua atua\u00e7\u00e3o nomeando Distribuidores Independentes para algumas cidades no oeste catarinense e tamb\u00e9m em cidades pr\u00f3ximas de Iju\u00ed.<\/p>\n<p style=\"text-align: justify;\">Com o crescimento dos neg\u00f3cios e mudan\u00e7as no formato do Plano de Neg\u00f3cios da Ind\u00fastria, em 2003 a Finkler instala um escrit\u00f3rio em parceria na cidade de Porto Alegre, possibilitando um crescimento muito r\u00e1pido da organiza\u00e7\u00e3o.<\/p>\n<p>[\/vc_column_text][\/vc_column][\/vc_row][vc_row row_height_percent=&#8221;0&#8243; overlay_alpha=&#8221;50&#8243; gutter_size=&#8221;5&#8243; column_width_percent=&#8221;100&#8243; shift_y=&#8221;0&#8243; z_index=&#8221;0&#8243; uncode_shortcode_id=&#8221;100632&#8243;][vc_column column_width_percent=&#8221;100&#8243; position_vertical=&#8221;middle&#8221; gutter_size=&#8221;3&#8243; overlay_alpha=&#8221;50&#8243; shift_x=&#8221;0&#8243; shift_y=&#8221;0&#8243; shift_y_down=&#8221;0&#8243; z_index=&#8221;0&#8243; medium_width=&#8221;0&#8243; mobile_width=&#8221;0&#8243; width=&#8221;1\/2&#8243; uncode_shortcode_id=&#8221;869984&#8243;][vc_column_text uncode_shortcode_id=&#8221;334275&#8243;]<\/p>\n<p style=\"text-align: justify;\">A partir do ano de 2006, a Finkler come\u00e7ou a focar nos servi\u00e7os de p\u00f3s venda, tendo como principal objetivo os servi\u00e7os de manuten\u00e7\u00e3o nos equipamentos j\u00e1 instalados na sua \u00e1rea de atua\u00e7\u00e3o, e em 2008 a organiza\u00e7\u00e3o buscou novas parcerias e novos mercados, conseguindo com isso consolidar sua atua\u00e7\u00e3o na capital do estado, tendo como clientes restaurantes, lavanderias, hot\u00e9is, mot\u00e9is e shopping centers, para os quais presta servi\u00e7os de filtragem e melhoria da qualidade da \u00e1gua.<\/p>\n<p style=\"text-align: justify;\">A partir de certo ponto a Finkler entendeu como imprescind\u00edvel registrar sua marca no segmento de filtragem de \u00e1gua e licenciar produtos de marca pr\u00f3pria. Em 2014 investiu na aquisi\u00e7\u00e3o e reforma de um novo im\u00f3vel, objetivando promover melhores condi\u00e7\u00f5es de trabalho aos colaboradores e expor ao mercado a imagem da empresa.<\/p>\n<p>[\/vc_column_text][\/vc_column][vc_column column_width_percent=&#8221;100&#8243; position_vertical=&#8221;middle&#8221; gutter_size=&#8221;3&#8243; overlay_alpha=&#8221;50&#8243; shift_x=&#8221;0&#8243; shift_y=&#8221;0&#8243; shift_y_down=&#8221;0&#8243; z_index=&#8221;0&#8243; medium_width=&#8221;0&#8243; mobile_width=&#8221;0&#8243; width=&#8221;1\/2&#8243; uncode_shortcode_id=&#8221;145597&#8243;][vc_single_image media=&#8221;73&#8243; media_width_percent=&#8221;100&#8243; media_ratio=&#8221;four-three&#8221; alignment=&#8221;center&#8221; shape=&#8221;img-round&#8221; radius=&#8221;std&#8221; uncode_shortcode_id=&#8221;180686&#8243;][\/vc_column][\/vc_row][vc_row row_height_percent=&#8221;0&#8243; override_padding=&#8221;yes&#8221; h_padding=&#8221;2&#8243; top_padding=&#8221;3&#8243; bottom_padding=&#8221;3&#8243; back_image=&#8221;120&#8243; back_attachment=&#8221;fixed&#8221; overlay_color=&#8221;color-866764&#8243; overlay_alpha=&#8221;75&#8243; gutter_size=&#8221;3&#8243; column_width_percent=&#8221;100&#8243; shift_y=&#8221;0&#8243; z_index=&#8221;0&#8243; enable_top_divider=&#8221;default&#8221; top_divider=&#8221;fan-opacity&#8221; shape_top_h_use_pixel=&#8221;&#8221; shape_top_height=&#8221;150&#8243; shape_top_opacity=&#8221;100&#8243; shape_top_index=&#8221;0&#8243; enable_bottom_divider=&#8221;default&#8221; bottom_divider=&#8221;flow-opacity&#8221; shape_bottom_h_use_pixel=&#8221;&#8221; shape_bottom_height=&#8221;150&#8243; shape_bottom_opacity=&#8221;100&#8243; shape_bottom_index=&#8221;0&#8243; uncode_shortcode_id=&#8221;108286&#8243; overlay_color_type=&#8221;uncode-palette&#8221; css=&#8221;.vc_custom_1695686846789{margin-top: 40px !important;margin-bottom: 40px !important;padding-top: 100px !important;padding-bottom: 100px !important;}&#8221;][vc_column column_width_percent=&#8221;100&#8243; gutter_size=&#8221;3&#8243; style=&#8221;dark&#8221; overlay_alpha=&#8221;50&#8243; shift_x=&#8221;0&#8243; shift_y=&#8221;0&#8243; shift_y_down=&#8221;0&#8243; z_index=&#8221;0&#8243; medium_width=&#8221;0&#8243; mobile_width=&#8221;0&#8243; width=&#8221;1\/1&#8243; uncode_shortcode_id=&#8221;189130&#8243;][vc_column_text uncode_shortcode_id=&#8221;173700&#8243;]<\/p>\n<p style=\"text-align: justify;\">Em 2017 a empresa iniciou uma busca por novas parcerias, iniciando assim a venda de bebedouros industriais, aquecedores de \u00e1gua e produtos espec\u00edficos para os segmentos de escolas, postos de combust\u00edveis, restaurantes \u00a0e empresas de grande porte. Atualmente as atividades da empresa dividem-se em vendas, assist\u00eancia t\u00e9cnica e atendimento de p\u00f3s-venda aos clientes residenciais, empresariais e do setor p\u00fablico, trabalhando com filtros, bebedouros e aquecedores de \u00e1gua industriais e loca\u00e7\u00e3o de equipamentos para filtragem de \u00e1gua para o porte de condom\u00ednios, hot\u00e9is e lavanderias. Para o desenvolvimento dos seus neg\u00f3cios a empresa mant\u00e9m parcerias com ind\u00fastrias de filtros de \u00e1gua e f\u00e1bricas de produtos para tratamento de \u00e1gua.<\/p>\n<p>[\/vc_column_text][\/vc_column][\/vc_row][vc_row][vc_column column_width_percent=&#8221;100&#8243; align_horizontal=&#8221;align_center&#8221; gutter_size=&#8221;3&#8243; overlay_alpha=&#8221;50&#8243; shift_x=&#8221;0&#8243; shift_y=&#8221;0&#8243; shift_y_down=&#8221;0&#8243; z_index=&#8221;0&#8243; medium_width=&#8221;0&#8243; mobile_width=&#8221;0&#8243; width=&#8221;1\/3&#8243; uncode_shortcode_id=&#8221;188879&#8243;][vc_icon icon=&#8221;fa fa-line-chart&#8221; icon_color=&#8221;color-866764&#8243; size=&#8221;fa-4x&#8221; uncode_shortcode_id=&#8221;211692&#8243; icon_color_type=&#8221;uncode-palette&#8221;][\/vc_icon][vc_column_text uncode_shortcode_id=&#8221;833448&#8243;]<\/p>\n<h1 style=\"text-align: center;\">Nosso Neg\u00f3cio<\/h1>\n<p>[\/vc_column_text][vc_separator sep_color=&#8221;color-866764&#8243; uncode_shortcode_id=&#8221;104083&#8243; sep_color_type=&#8221;uncode-palette&#8221; el_width=&#8221;40px&#8221; el_height=&#8221;5px&#8221;][vc_column_text uncode_shortcode_id=&#8221;351912&#8243;]<\/p>\n<h4 style=\"text-align: center;\">Solu\u00e7\u00f5es em filtragem e melhoramento da \u00e1gua<\/h4>\n<p>[\/vc_column_text][\/vc_column][vc_column column_width_percent=&#8221;100&#8243; align_horizontal=&#8221;align_center&#8221; gutter_size=&#8221;3&#8243; overlay_alpha=&#8221;50&#8243; shift_x=&#8221;0&#8243; shift_y=&#8221;0&#8243; shift_y_down=&#8221;0&#8243; z_index=&#8221;0&#8243; medium_width=&#8221;0&#8243; mobile_width=&#8221;0&#8243; width=&#8221;1\/3&#8243; uncode_shortcode_id=&#8221;203438&#8243;][vc_icon icon=&#8221;fa fa-target&#8221; icon_color=&#8221;color-866764&#8243; size=&#8221;fa-4x&#8221; uncode_shortcode_id=&#8221;643700&#8243; icon_color_type=&#8221;uncode-palette&#8221;][\/vc_icon][vc_column_text uncode_shortcode_id=&#8221;132948&#8243;]<\/p>\n<h1 style=\"text-align: center;\">Miss\u00e3o<\/h1>\n<p>[\/vc_column_text][vc_separator sep_color=&#8221;color-866764&#8243; uncode_shortcode_id=&#8221;104083&#8243; sep_color_type=&#8221;uncode-palette&#8221; el_width=&#8221;40px&#8221; el_height=&#8221;5px&#8221;][vc_column_text uncode_shortcode_id=&#8221;184300&#8243;]<\/p>\n<h4 style=\"text-align: center;\">Desenvolver e implementar solu\u00e7\u00f5es em filtragem e melhoria da \u00e1gua promovendo resultados que encantem os envolvidos no processo<\/h4>\n<p>[\/vc_column_text][\/vc_column][vc_column column_width_percent=&#8221;100&#8243; align_horizontal=&#8221;align_center&#8221; gutter_size=&#8221;3&#8243; overlay_alpha=&#8221;50&#8243; shift_x=&#8221;0&#8243; shift_y=&#8221;0&#8243; shift_y_down=&#8221;0&#8243; z_index=&#8221;0&#8243; medium_width=&#8221;0&#8243; mobile_width=&#8221;0&#8243; width=&#8221;1\/3&#8243; uncode_shortcode_id=&#8221;312319&#8243;][vc_icon icon=&#8221;fa fa-eye&#8221; icon_color=&#8221;color-866764&#8243; size=&#8221;fa-4x&#8221; uncode_shortcode_id=&#8221;894105&#8243; icon_color_type=&#8221;uncode-palette&#8221;][\/vc_icon][vc_column_text uncode_shortcode_id=&#8221;942215&#8243;]<\/p>\n<h1 style=\"text-align: center;\">Vis\u00e3o<\/h1>\n<p>[\/vc_column_text][vc_separator sep_color=&#8221;color-866764&#8243; uncode_shortcode_id=&#8221;104083&#8243; sep_color_type=&#8221;uncode-palette&#8221; el_width=&#8221;40px&#8221; el_height=&#8221;5px&#8221;][vc_column_text uncode_shortcode_id=&#8221;149574&#8243;]<\/p>\n<h4 style=\"text-align: center;\">Ser refer\u00eancia no estado do Rio Grande do Sul no segmento que atua por meio de produtos, servi\u00e7os e aten\u00e7\u00e3o dedicada aos clientes e parceiros<\/h4>\n<p>[\/vc_column_text][\/vc_column][\/vc_row][vc_row][vc_column column_width_percent=&#8221;100&#8243; align_horizontal=&#8221;align_center&#8221; gutter_size=&#8221;3&#8243; overlay_alpha=&#8221;50&#8243; shift_x=&#8221;0&#8243; shift_y=&#8221;0&#8243; shift_y_down=&#8221;0&#8243; z_index=&#8221;0&#8243; medium_width=&#8221;0&#8243; mobile_width=&#8221;0&#8243; width=&#8221;1\/1&#8243; uncode_shortcode_id=&#8221;237399&#8243;][vc_separator sep_color=&#8221;color-uydo&#8221; uncode_shortcode_id=&#8221;207911&#8243; sep_color_type=&#8221;uncode-palette&#8221; el_width=&#8221;100%&#8221; el_height=&#8221;1px&#8221;][vc_empty_space empty_h=&#8221;1&#8243;][vc_column_text uncode_shortcode_id=&#8221;472438&#8243;]<\/p>\n<h1 style=\"text-align: center;\">Valores e Princ\u00edpios<\/h1>\n<p>[\/vc_column_text][vc_separator sep_color=&#8221;color-866764&#8243; uncode_shortcode_id=&#8221;104083&#8243; sep_color_type=&#8221;uncode-palette&#8221; el_width=&#8221;40px&#8221; el_height=&#8221;5px&#8221;][vc_column_text uncode_shortcode_id=&#8221;175376&#8243;]<\/p>\n<p style=\"text-align: center;\"><strong>\u00c9tica e transpar\u00eancia em todas as a\u00e7\u00f5es.<\/strong><\/p>\n<p style=\"text-align: center;\"><strong>Compet\u00eancia, efici\u00eancia e efetividade como base do nosso comportamento.<\/strong><\/p>\n<p style=\"text-align: center;\"><strong>Promover o desenvolvimento de todos os comprometidos com a miss\u00e3o da empresa.<\/strong><\/p>\n<p style=\"text-align: center;\"><strong>Cordialidade e empatia nos relacionamentos.<\/strong><\/p>\n<p style=\"text-align: center;\"><strong>Lucro como fator essencial para a sustentabilidade da empresa e promotor do seu desenvolvimento.<\/strong><\/p>\n<p>[\/vc_column_text][\/vc_column][\/vc_row][vc_row row_height_percent=&#8221;0&#8243; overlay_alpha=&#8221;50&#8243; gutter_size=&#8221;3&#8243; column_width_percent=&#8221;100&#8243; shift_y=&#8221;0&#8243; z_index=&#8221;0&#8243; uncode_shortcode_id=&#8221;205901&#8243; css=&#8221;.vc_custom_1695687071399{margin-top: 20px !important;margin-bottom: 40px !important;}&#8221;][vc_column width=&#8221;1\/1&#8243;][vc_gallery el_id=&#8221;gallery-194826&#8243; isotope_mode=&#8221;cellsByRow&#8221; medias=&#8221;73,75,74,76,72,77&#8243; gutter_size=&#8221;0&#8243; screen_lg=&#8221;1000&#8243; screen_md=&#8221;600&#8243; screen_sm=&#8221;480&#8243; images_size=&#8221;four-three&#8221; single_overlay_opacity=&#8221;50&#8243; single_padding=&#8221;2&#8243; single_shadow=&#8221;yes&#8221; shadow_weight=&#8221;std&#8221; single_border=&#8221;yes&#8221; uncode_shortcode_id=&#8221;117398&#8243;][\/vc_column][\/vc_row]<\/p>\n<\/div>","protected":false},"excerpt":{"rendered":"<p>[vc_row row_height_percent=&#8221;0&#8243; overlay_alpha=&#8221;50&#8243; gutter_size=&#8221;5&#8243; column_width_percent=&#8221;100&#8243; shift_y=&#8221;0&#8243; z_index=&#8221;0&#8243; uncode_shortcode_id=&#8221;100632&#8243;][vc_column column_width_percent=&#8221;100&#8243; position_vertical=&#8221;middle&#8221; gutter_size=&#8221;3&#8243; overlay_alpha=&#8221;50&#8243; shift_x=&#8221;0&#8243; shift_y=&#8221;0&#8243; shift_y_down=&#8221;0&#8243; z_index=&#8221;0&#8243; medium_width=&#8221;0&#8243; mobile_width=&#8221;0&#8243; width=&#8221;1\/2&#8243; uncode_shortcode_id=&#8221;145597&#8243;][vc_single_image [&hellip;]<\/p>\n","protected":false},"author":1,"featured_media":0,"parent":0,"menu_order":0,"comment_status":"closed","ping_status":"closed","template":"","meta":{"_joinchat":[],"footnotes":""},"class_list":["post-70","page","type-page","status-publish","hentry"],"_links":{"self":[{"href":"https:\/\/sites.ouseweb.com.br\/finkler\/wp-json\/wp\/v2\/pages\/70","targetHints":{"allow":["GET"]}}],"collection":[{"href":"https:\/\/sites.ouseweb.com.br\/finkler\/wp-json\/wp\/v2\/pages"}],"about":[{"href":"https:\/\/sites.ouseweb.com.br\/finkler\/wp-json\/wp\/v2\/types\/page"}],"author":[{"embeddable":true,"href":"https:\/\/sites.ouseweb.com.br\/finkler\/wp-json\/wp\/v2\/users\/1"}],"replies":[{"embeddable":true,"href":"https:\/\/sites.ouseweb.com.br\/finkler\/wp-json\/wp\/v2\/comments?post=70"}],"version-history":[{"count":4,"href":"https:\/\/sites.ouseweb.com.br\/finkler\/wp-json\/wp\/v2\/pages\/70\/revisions"}],"predecessor-version":[{"id":191,"href":"https:\/\/sites.ouseweb.com.br\/finkler\/wp-json\/wp\/v2\/pages\/70\/revisions\/191"}],"wp:attachment":[{"href":"https:\/\/sites.ouseweb.com.br\/finkler\/wp-json\/wp\/v2\/media?parent=70"}],"curies":[{"name":"wp","href":"https:\/\/api.w.org\/{rel}","templated":true}]}}