{"id":21,"date":"2023-09-05T01:00:22","date_gmt":"2023-09-05T01:00:22","guid":{"rendered":"https:\/\/sites.ouseweb.com.br\/finkler\/?post_type=product&#038;p=21"},"modified":"2023-09-05T01:00:22","modified_gmt":"2023-09-05T01:00:22","slug":"purificador-de-agua-fr600-exclusive","status":"publish","type":"product","link":"https:\/\/sites.ouseweb.com.br\/finkler\/produto\/purificador-de-agua-fr600-exclusive\/","title":{"rendered":"PURIFICADOR DE \u00c1GUA FR600 EXCLUSIVE"},"content":{"rendered":"<h3>Informa\u00e7\u00f5es T\u00e9cnicas<\/h3>\n<ul>\n<li>\u00c1gua gelada e natural;<\/li>\n<li>\u00c1gua filtrada em temperatura natural, mesmo sem energia;<\/li>\n<li>Refil Bacteriost\u00e1tico: controla a prolifera\u00e7\u00e3o de bact\u00e9rias;<\/li>\n<li>Elimina odores;<\/li>\n<li>Elimina sabores;<\/li>\n<li>Grande vaz\u00e3o: copo cheio em poucos segundos;<\/li>\n<li>Bandeja remov\u00edvel: para esvaziar ou higienizar;<\/li>\n<li>Capacidade de Fornecimento de \u00c1gua Gelada: atende de 10 a 20 pessoas por hora;<\/li>\n<li>Vaz\u00e3o M\u00e1xima (L\/h) \u2013 60L\/h;<\/li>\n<li>Dimens\u00f5es: Sem Embalagem (A x L x P) mm 410 x 312 x 357.<\/li>\n<\/ul>\n<p>GARANTIA DE 1 ANO<br \/>\nContra defeitos de f\u00e1brica, conforme manual do produto.<\/p>\n<p><strong>* Dispon\u00edvel nas cores Branco, Preto e Prata.<\/strong><\/p>\n","protected":false},"excerpt":{"rendered":"<p>Voc\u00ea j\u00e1 sabe que \u00e9 importante beber bastante \u00e1gua por dia para metabolizar os nutrientes e se manter hidratado, ent\u00e3o \u00e9 fato tamb\u00e9m a relev\u00e2ncia de se ter \u00e1gua sempre pura e fresca para se ingerir, certo?<\/p>\n<p>Por isso, ter um purificador em sua pr\u00f3pria casa ou empresa, com \u00e1gua gelada e natural \u00e9 uma boa alternativa.<\/p>\n<p>O purificador Exclusive, al\u00e9m de oferecer \u00e1gua gelada e natural, possui elemento filtrante com efici\u00eancia bacteriol\u00f3gica, que garante mais seguran\u00e7a com \u00e1gua pura e livre de bact\u00e9rias.<\/p>\n","protected":false},"featured_media":22,"comment_status":"open","ping_status":"closed","template":"","meta":{"_joinchat":[]},"product_brand":[],"product_cat":[16],"product_tag":[],"class_list":{"0":"post-21","1":"product","2":"type-product","3":"status-publish","4":"has-post-thumbnail","6":"product_cat-purificadores-residenciais","8":"first","9":"instock","10":"shipping-taxable","11":"product-type-simple"},"_links":{"self":[{"href":"https:\/\/sites.ouseweb.com.br\/finkler\/wp-json\/wp\/v2\/product\/21","targetHints":{"allow":["GET"]}}],"collection":[{"href":"https:\/\/sites.ouseweb.com.br\/finkler\/wp-json\/wp\/v2\/product"}],"about":[{"href":"https:\/\/sites.ouseweb.com.br\/finkler\/wp-json\/wp\/v2\/types\/product"}],"replies":[{"embeddable":true,"href":"https:\/\/sites.ouseweb.com.br\/finkler\/wp-json\/wp\/v2\/comments?post=21"}],"wp:featuredmedia":[{"embeddable":true,"href":"https:\/\/sites.ouseweb.com.br\/finkler\/wp-json\/wp\/v2\/media\/22"}],"wp:attachment":[{"href":"https:\/\/sites.ouseweb.com.br\/finkler\/wp-json\/wp\/v2\/media?parent=21"}],"wp:term":[{"taxonomy":"product_brand","embeddable":true,"href":"https:\/\/sites.ouseweb.com.br\/finkler\/wp-json\/wp\/v2\/product_brand?post=21"},{"taxonomy":"product_cat","embeddable":true,"href":"https:\/\/sites.ouseweb.com.br\/finkler\/wp-json\/wp\/v2\/product_cat?post=21"},{"taxonomy":"product_tag","embeddable":true,"href":"https:\/\/sites.ouseweb.com.br\/finkler\/wp-json\/wp\/v2\/product_tag?post=21"}],"curies":[{"name":"wp","href":"https:\/\/api.w.org\/{rel}","templated":true}]}}