{"id":25,"date":"2023-09-05T19:26:18","date_gmt":"2023-09-05T19:26:18","guid":{"rendered":"https:\/\/sites.ouseweb.com.br\/finkler\/?post_type=product&#038;p=25"},"modified":"2023-09-05T19:26:19","modified_gmt":"2023-09-05T19:26:19","slug":"aquecedor-quentuxa","status":"publish","type":"product","link":"https:\/\/sites.ouseweb.com.br\/finkler\/produto\/aquecedor-quentuxa\/","title":{"rendered":"AQUECEDOR QUENTUXA"},"content":{"rendered":"<h3>Informa\u00e7\u00f5es T\u00e9cnicas<\/h3>\n<ul>\n<li>\u00c1gua quente na temperatura ideal para seu caf\u00e9, ch\u00e1 ou chimarr\u00e3o;<\/li>\n<li>Capacidade de aquecimento de aproximadamente 1 litro\/minuto;<\/li>\n<li>Ligado na rede de \u00e1gua (abastece automaticamente conforme o uso);<\/li>\n<li>Seguro e certificado de acordo com a Portaria INMETRO \u00a0n\u00ba 371\/2009;<\/li>\n<li>Boia met\u00e1lica para controle do n\u00edvel de \u00e1gua;<\/li>\n<li>Painel digital para escolha e indica\u00e7\u00e3o de temperatura;<\/li>\n<li>Possui v\u00e1lvula de al\u00edvio de vapor (evita ac\u00famulo de vapor em caso de superaquecimento);<\/li>\n<li>Fabricada em a\u00e7o inox;<\/li>\n<li>Reservat\u00f3rio t\u00e9rmico (mant\u00e9m \u00e1gua quente por muito tempo mesmo desligada);<\/li>\n<li>Tens\u00e3o: 110 V ou 220 V.<\/li>\n<\/ul>\n<p><strong>GARANTIA DE 1 ANO<\/strong><br \/>\nContra defeitos de f\u00e1brica, conforme manual do produto.<\/p>\n<p><strong>OPCIONAIS<\/strong><\/p>\n<p>\u2013 Sugere-se a instala\u00e7\u00e3o da Quentuxa com o purificador Aquapur para reten\u00e7\u00e3o de cloro e impurezas s\u00f3lidas.<\/p>\n<p>\u2013 Suporte\/P\u00e9 de apoio de 80 cm.<\/p>\n","protected":false},"excerpt":{"rendered":"<p>A Quentuxa \u00e9 um aquecedor com reservat\u00f3rio t\u00e9rmico de alto padr\u00e3o, que oferece maior praticidade e mant\u00e9m a \u00e1gua quente na temperatura ideal para consumo de bebidas quentes como ch\u00e1s e chimarr\u00e3o e tamb\u00e9m para cozimento de alimentos. Atende a qualquer estabelecimento, como hot\u00e9is, restaurantes, escrit\u00f3rios, escolas, universidades, ag\u00eancias, postos de combust\u00edveis, entre outros locais, que necessitem de \u00e1gua quente.<\/p>\n<p>DISPON\u00cdVEL NOS TAMANHOS:<\/p>\n<p><strong>QUENTUXA 15 LITROS:<\/strong><\/p>\n<ul>\n<li>Reserva utiliz\u00e1vel de 15 litros;<\/li>\n<li>Dimens\u00f5es: 64 cm (altura) x 50 cm (lateral\/profundidade) x 30 cm (largura\/frente).<\/li>\n<\/ul>\n<p><strong>QUENTUXA 25 LITROS:<\/strong><\/p>\n<ul>\n<li>Reserva utiliz\u00e1vel de 25 litros;<\/li>\n<li>Dimens\u00f5es: 68 cm (altura) x 55 cm (lateral\/profundidade.) x 34 cm (largura\/frente).<\/li>\n<\/ul>\n<p><strong>QUENTUXA 50 LITROS:<\/strong><\/p>\n<ul>\n<li>Reserva utiliz\u00e1vel de 50\u00a0 litros;<\/li>\n<li>Dimens\u00f5es: 86 cm (altura) x 60 cm (lateral\/profundidade) x 38 cm (largura\/frente).<\/li>\n<\/ul>\n","protected":false},"featured_media":26,"comment_status":"open","ping_status":"closed","template":"","meta":{"_joinchat":[]},"product_brand":[],"product_cat":[17],"product_tag":[],"class_list":{"0":"post-25","1":"product","2":"type-product","3":"status-publish","4":"has-post-thumbnail","6":"product_cat-aquecedores","8":"first","9":"instock","10":"shipping-taxable","11":"product-type-simple"},"_links":{"self":[{"href":"https:\/\/sites.ouseweb.com.br\/finkler\/wp-json\/wp\/v2\/product\/25","targetHints":{"allow":["GET"]}}],"collection":[{"href":"https:\/\/sites.ouseweb.com.br\/finkler\/wp-json\/wp\/v2\/product"}],"about":[{"href":"https:\/\/sites.ouseweb.com.br\/finkler\/wp-json\/wp\/v2\/types\/product"}],"replies":[{"embeddable":true,"href":"https:\/\/sites.ouseweb.com.br\/finkler\/wp-json\/wp\/v2\/comments?post=25"}],"wp:featuredmedia":[{"embeddable":true,"href":"https:\/\/sites.ouseweb.com.br\/finkler\/wp-json\/wp\/v2\/media\/26"}],"wp:attachment":[{"href":"https:\/\/sites.ouseweb.com.br\/finkler\/wp-json\/wp\/v2\/media?parent=25"}],"wp:term":[{"taxonomy":"product_brand","embeddable":true,"href":"https:\/\/sites.ouseweb.com.br\/finkler\/wp-json\/wp\/v2\/product_brand?post=25"},{"taxonomy":"product_cat","embeddable":true,"href":"https:\/\/sites.ouseweb.com.br\/finkler\/wp-json\/wp\/v2\/product_cat?post=25"},{"taxonomy":"product_tag","embeddable":true,"href":"https:\/\/sites.ouseweb.com.br\/finkler\/wp-json\/wp\/v2\/product_tag?post=25"}],"curies":[{"name":"wp","href":"https:\/\/api.w.org\/{rel}","templated":true}]}}