{"id":36,"date":"2023-09-05T19:38:39","date_gmt":"2023-09-05T19:38:39","guid":{"rendered":"https:\/\/sites.ouseweb.com.br\/finkler\/?post_type=product&#038;p=36"},"modified":"2023-09-05T19:38:39","modified_gmt":"2023-09-05T19:38:39","slug":"purificador-com-acessibilidade-pdf100","status":"publish","type":"product","link":"https:\/\/sites.ouseweb.com.br\/finkler\/produto\/purificador-com-acessibilidade-pdf100\/","title":{"rendered":"PURIFICADOR COM ACESSIBILIDADE PDF100"},"content":{"rendered":"<h3>Informa\u00e7\u00f5es T\u00e9cnicas<\/h3>\n<ul>\n<li>Teclas de acionamento grandes e nas lateriais, para usu\u00e1rios sem os membros superiores (m\u00e3os e bra\u00e7os);<\/li>\n<li>Capacidade para atender 40 pessoas por hora;<\/li>\n<li>Um Jato para boca;<\/li>\n<li>Teclas em Braille;<\/li>\n<li>Protetor bucal flex\u00edvel;<\/li>\n<li>Regulagem do jato de \u00e1gua;<\/li>\n<li>Refil Bacteriost\u00e1stico: controla a prolifera\u00e7\u00e3o de bact\u00e9rias;<\/li>\n<li>Elimina odores;<\/li>\n<li>Elimina sabores;<\/li>\n<li>Ret\u00e9m micropart\u00edculas presentes na \u00e1gua;<\/li>\n<li>Dep\u00f3sito de \u00e1gua em a\u00e7o inox 304;<\/li>\n<li>Tens\u00e3o 110v ou 220v;<\/li>\n<li>Dimens\u00f5es: 570 mm (altura) x 460 mm (largura) x 480 mm (profundidade).<\/li>\n<\/ul>\n","protected":false},"excerpt":{"rendered":"<p>Este purificador foi projetado para atender locais com grande fluxo de pessoas e principalmente no atendimento ao desenho universal, sendo acess\u00edvel \u00e0 PNE e pessoas com mobilidade reduzida. Est\u00e1 adequado a norma ABNT-NBR 9050:2015 e o Decreto 5296\/2004 e pode ser utilizado em \u00e1reas internas e externas.<\/p>\n","protected":false},"featured_media":37,"comment_status":"open","ping_status":"closed","template":"","meta":{"_joinchat":[]},"product_brand":[],"product_cat":[16],"product_tag":[20],"class_list":{"0":"post-36","1":"product","2":"type-product","3":"status-publish","4":"has-post-thumbnail","6":"product_cat-purificadores-residenciais","7":"product_tag-acessibilidade","9":"first","10":"instock","11":"shipping-taxable","12":"product-type-simple"},"_links":{"self":[{"href":"https:\/\/sites.ouseweb.com.br\/finkler\/wp-json\/wp\/v2\/product\/36","targetHints":{"allow":["GET"]}}],"collection":[{"href":"https:\/\/sites.ouseweb.com.br\/finkler\/wp-json\/wp\/v2\/product"}],"about":[{"href":"https:\/\/sites.ouseweb.com.br\/finkler\/wp-json\/wp\/v2\/types\/product"}],"replies":[{"embeddable":true,"href":"https:\/\/sites.ouseweb.com.br\/finkler\/wp-json\/wp\/v2\/comments?post=36"}],"wp:featuredmedia":[{"embeddable":true,"href":"https:\/\/sites.ouseweb.com.br\/finkler\/wp-json\/wp\/v2\/media\/37"}],"wp:attachment":[{"href":"https:\/\/sites.ouseweb.com.br\/finkler\/wp-json\/wp\/v2\/media?parent=36"}],"wp:term":[{"taxonomy":"product_brand","embeddable":true,"href":"https:\/\/sites.ouseweb.com.br\/finkler\/wp-json\/wp\/v2\/product_brand?post=36"},{"taxonomy":"product_cat","embeddable":true,"href":"https:\/\/sites.ouseweb.com.br\/finkler\/wp-json\/wp\/v2\/product_cat?post=36"},{"taxonomy":"product_tag","embeddable":true,"href":"https:\/\/sites.ouseweb.com.br\/finkler\/wp-json\/wp\/v2\/product_tag?post=36"}],"curies":[{"name":"wp","href":"https:\/\/api.w.org\/{rel}","templated":true}]}}