{"id":43,"date":"2023-09-05T19:46:34","date_gmt":"2023-09-05T19:46:34","guid":{"rendered":"https:\/\/sites.ouseweb.com.br\/finkler\/?post_type=product&#038;p=43"},"modified":"2025-05-07T13:56:33","modified_gmt":"2025-05-07T13:56:33","slug":"bebedouro-industrial-30-litros-pre-30","status":"publish","type":"product","link":"https:\/\/sites.ouseweb.com.br\/finkler\/produto\/bebedouro-industrial-30-litros-pre-30\/","title":{"rendered":"BEBEDOURO INDUSTRIAL 30 LITROS \u2013 PRE 30"},"content":{"rendered":"<h3>Informa\u00e7\u00f5es T\u00e9cnicas<\/h3>\n<ul>\n<li>Capacidade de refrigera\u00e7\u00e3o de 50 litros\/hora;<\/li>\n<li>Fabricados em a\u00e7o inox;<\/li>\n<li>Possui 2 torneiras de \u00e1gua gelada e 1 torneira de \u00e1gua natural;<\/li>\n<li>Ligado na rede de \u00e1gua (abastece automaticamente conforme o uso);<\/li>\n<li>Termostato para regulagem de temperatura at\u00e9 7 n\u00edveis;<\/li>\n<li>Torneiras de \u00e1gua gelada e natural de 1\/4 de volta em a\u00e7o inox;<\/li>\n<li>Reservat\u00f3rios t\u00e9rmicos (menor consumo de energia);<\/li>\n<li>Reservat\u00f3rio interno em polietileno at\u00f3xico<strong>,\u00a0<\/strong>com uma b\u00f3ia para<strong>\u00a0<\/strong>regulagem do n\u00edvel da \u00e1gua;<\/li>\n<li>Tens\u00e3o: 110v ou 200v;<\/li>\n<\/ul>\n","protected":false},"excerpt":{"rendered":"<p>O bebedouro industrial PRE 30 \u00e9 ideal para ambientes com alto fluxo de pessoas, pois o reservat\u00f3rio consegue armazenar grandes volumes de \u00e1gua. Indicado para instala\u00e7\u00e3o em grandes empresas, escolas, parque de obras.<\/p>\n<p><strong>GARANTIA DE 1 ANO<\/strong><br \/>\nContra defeitos de f\u00e1brica, conforme manual do produto.<\/p>\n<p><strong>OPCIONAIS<\/strong><\/p>\n<p>Sugere-se a instala\u00e7\u00e3o do PRE30 com o purificador Aquapur para reten\u00e7\u00e3o de cloro e impurezas s\u00f3lidas.<\/p>\n<p><strong>BEBEDOURO INDUSTRIAL 30 LITROS \u2013 PRE 30<\/strong><\/p>\n<p>Reservat\u00f3rio de 30 litros.<\/p>\n<p>Dimens\u00f5es: Altura: 1,16 m; Largura\/Frente: 48 cm; Lateral\/profundidade: 60 cm.<\/p>\n","protected":false},"featured_media":142,"comment_status":"open","ping_status":"closed","template":"","meta":{"_joinchat":[]},"product_brand":[],"product_cat":[21],"product_tag":[26],"class_list":{"0":"post-43","1":"product","2":"type-product","3":"status-publish","4":"has-post-thumbnail","6":"product_cat-bebedouros","7":"product_tag-aco-inox","9":"first","10":"instock","11":"shipping-taxable","12":"product-type-simple"},"_links":{"self":[{"href":"https:\/\/sites.ouseweb.com.br\/finkler\/wp-json\/wp\/v2\/product\/43","targetHints":{"allow":["GET"]}}],"collection":[{"href":"https:\/\/sites.ouseweb.com.br\/finkler\/wp-json\/wp\/v2\/product"}],"about":[{"href":"https:\/\/sites.ouseweb.com.br\/finkler\/wp-json\/wp\/v2\/types\/product"}],"replies":[{"embeddable":true,"href":"https:\/\/sites.ouseweb.com.br\/finkler\/wp-json\/wp\/v2\/comments?post=43"}],"wp:featuredmedia":[{"embeddable":true,"href":"https:\/\/sites.ouseweb.com.br\/finkler\/wp-json\/wp\/v2\/media\/142"}],"wp:attachment":[{"href":"https:\/\/sites.ouseweb.com.br\/finkler\/wp-json\/wp\/v2\/media?parent=43"}],"wp:term":[{"taxonomy":"product_brand","embeddable":true,"href":"https:\/\/sites.ouseweb.com.br\/finkler\/wp-json\/wp\/v2\/product_brand?post=43"},{"taxonomy":"product_cat","embeddable":true,"href":"https:\/\/sites.ouseweb.com.br\/finkler\/wp-json\/wp\/v2\/product_cat?post=43"},{"taxonomy":"product_tag","embeddable":true,"href":"https:\/\/sites.ouseweb.com.br\/finkler\/wp-json\/wp\/v2\/product_tag?post=43"}],"curies":[{"name":"wp","href":"https:\/\/api.w.org\/{rel}","templated":true}]}}