{"id":16,"date":"2025-10-17T09:48:18","date_gmt":"2025-10-17T09:48:18","guid":{"rendered":"https:\/\/sites.ouseweb.com.br\/fourtech\/?page_id=16"},"modified":"2025-10-17T17:52:17","modified_gmt":"2025-10-17T17:52:17","slug":"estrutura-fabril","status":"publish","type":"page","link":"https:\/\/sites.ouseweb.com.br\/fourtech\/estrutura-fabril\/","title":{"rendered":"Estrutura Fabril"},"content":{"rendered":"\t\t<div data-elementor-type=\"wp-page\" data-elementor-id=\"16\" class=\"elementor elementor-16\" data-elementor-post-type=\"page\">\n\t\t\t\t<div class=\"elementor-element elementor-element-6836edd e-flex e-con-boxed e-con e-parent\" data-id=\"6836edd\" data-element_type=\"container\" data-settings=\"{&quot;background_background&quot;:&quot;classic&quot;}\">\n\t\t\t\t\t<div class=\"e-con-inner\">\n\t\t\t\t<div class=\"elementor-element elementor-element-6ad88ba elementor-widget elementor-widget-image\" data-id=\"6ad88ba\" data-element_type=\"widget\" data-widget_type=\"image.default\">\n\t\t\t\t\t\t\t\t\t\t\t\t\t\t\t<img fetchpriority=\"high\" decoding=\"async\" width=\"181\" height=\"325\" src=\"https:\/\/sites.ouseweb.com.br\/fourtech\/wp-content\/uploads\/2025\/10\/simbolo-branca.png\" class=\"attachment-large size-large wp-image-199\" alt=\"\" srcset=\"https:\/\/sites.ouseweb.com.br\/fourtech\/wp-content\/uploads\/2025\/10\/simbolo-branca.png 181w, https:\/\/sites.ouseweb.com.br\/fourtech\/wp-content\/uploads\/2025\/10\/simbolo-branca-167x300.png 167w\" sizes=\"(max-width: 181px) 100vw, 181px\" \/>\t\t\t\t\t\t\t\t\t\t\t\t\t\t\t<\/div>\n\t\t\t\t<div class=\"elementor-element elementor-element-7c6f0b48 elementor-widget elementor-widget-text-editor\" data-id=\"7c6f0b48\" data-element_type=\"widget\" data-widget_type=\"text-editor.default\">\n\t\t\t\t\t\t\t\t\t<p>ESTRUTURA FABRIL<\/p>\t\t\t\t\t\t\t\t<\/div>\n\t\t\t\t<div class=\"elementor-element elementor-element-7bbf3b22 elementor-widget elementor-widget-heading\" data-id=\"7bbf3b22\" data-element_type=\"widget\" data-widget_type=\"heading.default\">\n\t\t\t\t\t<h2 class=\"elementor-heading-title elementor-size-default\">Tecnologia de Ponta a Servi\u00e7o da Sua Precis\u00e3o<\/h2>\t\t\t\t<\/div>\n\t\t\t\t<div class=\"elementor-element elementor-element-7091652c elementor-widget elementor-widget-text-editor\" data-id=\"7091652c\" data-element_type=\"widget\" data-widget_type=\"text-editor.default\">\n\t\t\t\t\t\t\t\t\t<p>Nossa for\u00e7a reside em nosso moderno parque fabril. Investimos continuamente em equipamentos de alta tecnologia para garantir a versatilidade, agilidade e, principalmente, a precis\u00e3o que seu projeto exige. Cada m\u00e1quina \u00e9 uma ferramenta para transformar desafios complexos em realidade com a m\u00e1xima efici\u00eancia.<\/p>\t\t\t\t\t\t\t\t<\/div>\n\t\t\t\t\t<\/div>\n\t\t\t\t<\/div>\n\t\t<div class=\"elementor-element elementor-element-134065ee e-flex e-con-boxed e-con e-parent\" data-id=\"134065ee\" data-element_type=\"container\">\n\t\t\t\t\t<div class=\"e-con-inner\">\n\t\t\t\t<div class=\"elementor-element elementor-element-46b40dff elementor-invisible elementor-widget elementor-widget-text-editor\" data-id=\"46b40dff\" data-element_type=\"widget\" data-settings=\"{&quot;_animation&quot;:&quot;fadeInUp&quot;}\" data-widget_type=\"text-editor.default\">\n\t\t\t\t\t\t\t\t\t<p>ESTRUTURA FABRIL<\/p>\t\t\t\t\t\t\t\t<\/div>\n\t\t\t\t<div class=\"elementor-element elementor-element-7b931c4a elementor-invisible elementor-widget elementor-widget-heading\" data-id=\"7b931c4a\" data-element_type=\"widget\" data-settings=\"{&quot;_animation&quot;:&quot;fadeInUp&quot;,&quot;_animation_delay&quot;:200}\" data-widget_type=\"heading.default\">\n\t\t\t\t\t<h2 class=\"elementor-heading-title elementor-size-default\">Nosso Parque de M\u00e1quinas<\/h2>\t\t\t\t<\/div>\n\t\t\t\t\t<\/div>\n\t\t\t\t<\/div>\n\t\t<div class=\"elementor-element elementor-element-181f2f53 e-flex e-con-boxed e-con e-parent\" data-id=\"181f2f53\" data-element_type=\"container\" data-settings=\"{&quot;background_background&quot;:&quot;gradient&quot;,&quot;shape_divider_bottom&quot;:&quot;arrow&quot;}\">\n\t\t\t\t\t<div class=\"e-con-inner\">\n\t\t\t\t<div class=\"elementor-shape elementor-shape-bottom\" aria-hidden=\"true\" data-negative=\"false\">\n\t\t\t<svg xmlns=\"http:\/\/www.w3.org\/2000\/svg\" viewBox=\"0 0 700 10\" preserveAspectRatio=\"none\">\n\t<path class=\"elementor-shape-fill\" d=\"M350,10L340,0h20L350,10z\"\/>\n<\/svg>\t\t<\/div>\n\t\t<div class=\"elementor-element elementor-element-14e6e8d1 e-con-full e-transform e-flex elementor-invisible e-con e-child\" data-id=\"14e6e8d1\" data-element_type=\"container\" data-settings=\"{&quot;background_background&quot;:&quot;classic&quot;,&quot;animation&quot;:&quot;fadeInUp&quot;,&quot;_transform_translateY_effect_hover&quot;:{&quot;unit&quot;:&quot;px&quot;,&quot;size&quot;:-10,&quot;sizes&quot;:[]},&quot;_transform_translateX_effect_hover&quot;:{&quot;unit&quot;:&quot;px&quot;,&quot;size&quot;:&quot;&quot;,&quot;sizes&quot;:[]},&quot;_transform_translateX_effect_hover_tablet&quot;:{&quot;unit&quot;:&quot;px&quot;,&quot;size&quot;:&quot;&quot;,&quot;sizes&quot;:[]},&quot;_transform_translateX_effect_hover_mobile&quot;:{&quot;unit&quot;:&quot;px&quot;,&quot;size&quot;:&quot;&quot;,&quot;sizes&quot;:[]},&quot;_transform_translateY_effect_hover_tablet&quot;:{&quot;unit&quot;:&quot;px&quot;,&quot;size&quot;:&quot;&quot;,&quot;sizes&quot;:[]},&quot;_transform_translateY_effect_hover_mobile&quot;:{&quot;unit&quot;:&quot;px&quot;,&quot;size&quot;:&quot;&quot;,&quot;sizes&quot;:[]}}\">\n\t\t\t\t<div class=\"elementor-element elementor-element-ebf3280 elementor-widget elementor-widget-image\" data-id=\"ebf3280\" data-element_type=\"widget\" data-widget_type=\"image.default\">\n\t\t\t\t\t\t\t\t\t\t\t\t\t\t\t<img decoding=\"async\" src=\"https:\/\/sites.ouseweb.com.br\/fourtech\/wp-content\/uploads\/elementor\/thumbs\/147460-18681850-rdcfoyxdrpdffk1ays8d9u6n6j7ryeb2vn1ljr2gso.jpg\" title=\"Directindustry\" alt=\"Directindustry\" loading=\"lazy\" \/>\t\t\t\t\t\t\t\t\t\t\t\t\t\t\t<\/div>\n\t\t\t\t<div class=\"elementor-element elementor-element-646d768 elementor-widget elementor-widget-heading\" data-id=\"646d768\" data-element_type=\"widget\" data-widget_type=\"heading.default\">\n\t\t\t\t\t<h2 class=\"elementor-heading-title elementor-size-default\">Tornos CNCs<\/h2>\t\t\t\t<\/div>\n\t\t\t\t<div class=\"elementor-element elementor-element-49777134 elementor-widget elementor-widget-text-editor\" data-id=\"49777134\" data-element_type=\"widget\" data-widget_type=\"text-editor.default\">\n\t\t\t\t\t\t\t\t\t<p>Nossa linha de Tornos CNC nos permite produzir pe\u00e7as torneadas, simples ou complexas, com alt\u00edssima precis\u00e3o e agilidade, ideais para produ\u00e7\u00e3o seriada e prot\u00f3tipos.<\/p>\t\t\t\t\t\t\t\t<\/div>\n\t\t\t\t<div class=\"elementor-element elementor-element-fd41b7f elementor-widget elementor-widget-text-editor\" data-id=\"fd41b7f\" data-element_type=\"widget\" data-widget_type=\"text-editor.default\">\n\t\t\t\t\t\t\t\t\t<ul><li><p>Torno cnc Doosan LEO1600<\/p><\/li><li><p>Torno cnc Okada OKT 60 SP<\/p><\/li><li><p>Torno cnc Romi GL 280<\/p><\/li><li><p>Torno cnc Galaxy 10<\/p><\/li><li><p>Torno cnc Feeler FTC20 (2 unidades)<\/p><\/li><\/ul>\t\t\t\t\t\t\t\t<\/div>\n\t\t\t\t<\/div>\n\t\t<div class=\"elementor-element elementor-element-6201f15b e-con-full e-transform e-flex elementor-invisible e-con e-child\" data-id=\"6201f15b\" data-element_type=\"container\" data-settings=\"{&quot;background_background&quot;:&quot;classic&quot;,&quot;animation&quot;:&quot;fadeInUp&quot;,&quot;animation_delay&quot;:200,&quot;_transform_translateY_effect_hover&quot;:{&quot;unit&quot;:&quot;px&quot;,&quot;size&quot;:-10,&quot;sizes&quot;:[]},&quot;_transform_translateX_effect_hover&quot;:{&quot;unit&quot;:&quot;px&quot;,&quot;size&quot;:&quot;&quot;,&quot;sizes&quot;:[]},&quot;_transform_translateX_effect_hover_tablet&quot;:{&quot;unit&quot;:&quot;px&quot;,&quot;size&quot;:&quot;&quot;,&quot;sizes&quot;:[]},&quot;_transform_translateX_effect_hover_mobile&quot;:{&quot;unit&quot;:&quot;px&quot;,&quot;size&quot;:&quot;&quot;,&quot;sizes&quot;:[]},&quot;_transform_translateY_effect_hover_tablet&quot;:{&quot;unit&quot;:&quot;px&quot;,&quot;size&quot;:&quot;&quot;,&quot;sizes&quot;:[]},&quot;_transform_translateY_effect_hover_mobile&quot;:{&quot;unit&quot;:&quot;px&quot;,&quot;size&quot;:&quot;&quot;,&quot;sizes&quot;:[]}}\">\n\t\t\t\t<div class=\"elementor-element elementor-element-c3c274c elementor-widget elementor-widget-image\" data-id=\"c3c274c\" data-element_type=\"widget\" data-widget_type=\"image.default\">\n\t\t\t\t\t\t\t\t\t\t\t\t\t\t\t<img decoding=\"async\" src=\"https:\/\/sites.ouseweb.com.br\/fourtech\/wp-content\/uploads\/elementor\/thumbs\/CENTRO-DE-USINAGEM-D1000-AP-GERSONMAQ-4-rdcfq0ixd2swbyiov8hg1kp2xy2giagcct50qtipvs.jpg\" title=\"CENTRO DE USINAGEM D1000 AP &#8211; GERSONMAQ 4\" alt=\"CENTRO DE USINAGEM D1000 AP - GERSONMAQ 4\" loading=\"lazy\" \/>\t\t\t\t\t\t\t\t\t\t\t\t\t\t\t<\/div>\n\t\t\t\t<div class=\"elementor-element elementor-element-572e616d elementor-widget elementor-widget-heading\" data-id=\"572e616d\" data-element_type=\"widget\" data-widget_type=\"heading.default\">\n\t\t\t\t\t<h2 class=\"elementor-heading-title elementor-size-default\">Centros de Usinagem CNC<\/h2>\t\t\t\t<\/div>\n\t\t\t\t<div class=\"elementor-element elementor-element-b6651fb elementor-widget elementor-widget-text-editor\" data-id=\"b6651fb\" data-element_type=\"widget\" data-widget_type=\"text-editor.default\">\n\t\t\t\t\t\t\t\t\t<p>Equipados com 4\u00ba eixo, nossos centros de usinagem s\u00e3o capazes de executar geometrias complexas e m\u00faltiplas opera\u00e7\u00f5es em uma \u00fanica fixa\u00e7\u00e3o, otimizando o tempo de produ\u00e7\u00e3o e garantindo a precis\u00e3o dimensional.<\/p>\t\t\t\t\t\t\t\t<\/div>\n\t\t\t\t<div class=\"elementor-element elementor-element-94da072 elementor-widget elementor-widget-text-editor\" data-id=\"94da072\" data-element_type=\"widget\" data-widget_type=\"text-editor.default\">\n\t\t\t\t\t\t\t\t\t<ul><li><p>Centro de Usinagem D1000 com 4\u00b0 eixo (2 unidades)<\/p><\/li><li><p>Centro de Usinagem Feeler 1000<\/p><\/li><li><p>Centro de Usinagem V850L<\/p><\/li><\/ul>\t\t\t\t\t\t\t\t<\/div>\n\t\t\t\t<\/div>\n\t\t<div class=\"elementor-element elementor-element-36bd52a3 e-con-full e-transform e-flex elementor-invisible e-con e-child\" data-id=\"36bd52a3\" data-element_type=\"container\" data-settings=\"{&quot;background_background&quot;:&quot;classic&quot;,&quot;animation&quot;:&quot;fadeInUp&quot;,&quot;animation_delay&quot;:400,&quot;_transform_translateY_effect_hover&quot;:{&quot;unit&quot;:&quot;px&quot;,&quot;size&quot;:-10,&quot;sizes&quot;:[]},&quot;_transform_translateX_effect_hover&quot;:{&quot;unit&quot;:&quot;px&quot;,&quot;size&quot;:&quot;&quot;,&quot;sizes&quot;:[]},&quot;_transform_translateX_effect_hover_tablet&quot;:{&quot;unit&quot;:&quot;px&quot;,&quot;size&quot;:&quot;&quot;,&quot;sizes&quot;:[]},&quot;_transform_translateX_effect_hover_mobile&quot;:{&quot;unit&quot;:&quot;px&quot;,&quot;size&quot;:&quot;&quot;,&quot;sizes&quot;:[]},&quot;_transform_translateY_effect_hover_tablet&quot;:{&quot;unit&quot;:&quot;px&quot;,&quot;size&quot;:&quot;&quot;,&quot;sizes&quot;:[]},&quot;_transform_translateY_effect_hover_mobile&quot;:{&quot;unit&quot;:&quot;px&quot;,&quot;size&quot;:&quot;&quot;,&quot;sizes&quot;:[]}}\">\n\t\t\t\t<div class=\"elementor-element elementor-element-65958bb elementor-widget elementor-widget-image\" data-id=\"65958bb\" data-element_type=\"widget\" data-widget_type=\"image.default\">\n\t\t\t\t\t\t\t\t\t\t\t\t\t\t\t<img decoding=\"async\" src=\"https:\/\/sites.ouseweb.com.br\/fourtech\/wp-content\/uploads\/elementor\/thumbs\/Torno-Convencional-Newton-rdcfmzhncanmx6x2jxcq0c7m18zvpefh9tgp2q0dxk.jpg\" title=\"Torno-Convencional-Newton\" alt=\"Torno-Convencional-Newton\" loading=\"lazy\" \/>\t\t\t\t\t\t\t\t\t\t\t\t\t\t\t<\/div>\n\t\t\t\t<div class=\"elementor-element elementor-element-6b54bb01 elementor-widget elementor-widget-heading\" data-id=\"6b54bb01\" data-element_type=\"widget\" data-widget_type=\"heading.default\">\n\t\t\t\t\t<h2 class=\"elementor-heading-title elementor-size-default\">M\u00e1quinas Convencionais e de Apoio<\/h2>\t\t\t\t<\/div>\n\t\t\t\t<div class=\"elementor-element elementor-element-1772627b elementor-widget elementor-widget-text-editor\" data-id=\"1772627b\" data-element_type=\"widget\" data-widget_type=\"text-editor.default\">\n\t\t\t\t\t\t\t\t\t<p>Para complementar nossos processos e oferecer solu\u00e7\u00f5es completas, contamos com uma linha de equipamentos convencionais operados por profissionais experientes.<\/p>\t\t\t\t\t\t\t\t<\/div>\n\t\t\t\t<div class=\"elementor-element elementor-element-67a673c elementor-widget elementor-widget-text-editor\" data-id=\"67a673c\" data-element_type=\"widget\" data-widget_type=\"text-editor.default\">\n\t\t\t\t\t\t\t\t\t<ul><li><p>Tornos convencionais com digital (at\u00e9 \u00d8400 x 1500 mm)<\/p><\/li><li><p>Fresadora ferramenteira com digital (800 x 350 x 400 mm)<\/p><\/li><li><p>Ret\u00edfica plana (600 x 300 x 300 mm)<\/p><\/li><li><p>Serra autom\u00e1tica, Furadeira de bancada e Rosqueadeira pneum\u00e1tica<\/p><\/li><\/ul>\t\t\t\t\t\t\t\t<\/div>\n\t\t\t\t<\/div>\n\t\t\t\t\t<\/div>\n\t\t\t\t<\/div>\n\t\t<div class=\"elementor-element elementor-element-279a5250 e-flex e-con-boxed e-con e-parent\" data-id=\"279a5250\" data-element_type=\"container\" data-settings=\"{&quot;background_background&quot;:&quot;gradient&quot;}\">\n\t\t\t\t\t<div class=\"e-con-inner\">\n\t\t<div class=\"elementor-element elementor-element-44406fd8 e-con-full e-flex elementor-invisible e-con e-child\" data-id=\"44406fd8\" data-element_type=\"container\" data-settings=\"{&quot;animation&quot;:&quot;fadeInLeft&quot;}\">\n\t\t\t\t<div class=\"elementor-element elementor-element-127d1536 elementor-widget elementor-widget-heading\" data-id=\"127d1536\" data-element_type=\"widget\" data-widget_type=\"heading.default\">\n\t\t\t\t\t<h2 class=\"elementor-heading-title elementor-size-default\"><b>Laborat\u00f3rio de Metrologia:<\/b> A Garantia da Qualidade<\/h2>\t\t\t\t<\/div>\n\t\t\t\t<div class=\"elementor-element elementor-element-20749de7 elementor-widget-divider--view-line elementor-widget elementor-widget-divider\" data-id=\"20749de7\" data-element_type=\"widget\" data-widget_type=\"divider.default\">\n\t\t\t\t\t\t\t<div class=\"elementor-divider\">\n\t\t\t<span class=\"elementor-divider-separator\">\n\t\t\t\t\t\t<\/span>\n\t\t<\/div>\n\t\t\t\t\t\t<\/div>\n\t\t\t\t<div class=\"elementor-element elementor-element-627532aa elementor-widget elementor-widget-text-editor\" data-id=\"627532aa\" data-element_type=\"widget\" data-widget_type=\"text-editor.default\">\n\t\t\t\t\t\t\t\t\t<p>Aqui, a precis\u00e3o \u00e9 comprovada. Nosso laborat\u00f3rio \u00e9 equipado para realizar um controle de qualidade rigoroso em todas as etapas do processo, assegurando que cada pe\u00e7a entregue esteja em total conformidade com as especifica\u00e7\u00f5es do seu projeto.<\/p>\t\t\t\t\t\t\t\t<\/div>\n\t\t\t\t<div class=\"elementor-element elementor-element-4959fbf5 elementor-align-left elementor-icon-list--layout-traditional elementor-list-item-link-full_width elementor-widget elementor-widget-icon-list\" data-id=\"4959fbf5\" data-element_type=\"widget\" data-widget_type=\"icon-list.default\">\n\t\t\t\t\t\t\t<ul class=\"elementor-icon-list-items\">\n\t\t\t\t\t\t\t<li class=\"elementor-icon-list-item\">\n\t\t\t\t\t\t\t\t\t\t\t<span class=\"elementor-icon-list-icon\">\n\t\t\t\t\t\t\t<svg aria-hidden=\"true\" class=\"e-font-icon-svg e-fas-check-circle\" viewBox=\"0 0 512 512\" xmlns=\"http:\/\/www.w3.org\/2000\/svg\"><path d=\"M504 256c0 136.967-111.033 248-248 248S8 392.967 8 256 119.033 8 256 8s248 111.033 248 248zM227.314 387.314l184-184c6.248-6.248 6.248-16.379 0-22.627l-22.627-22.627c-6.248-6.249-16.379-6.249-22.628 0L216 308.118l-70.059-70.059c-6.248-6.248-16.379-6.248-22.628 0l-22.627 22.627c-6.248 6.248-6.248 16.379 0 22.627l104 104c6.249 6.249 16.379 6.249 22.628.001z\"><\/path><\/svg>\t\t\t\t\t\t<\/span>\n\t\t\t\t\t\t\t\t\t\t<span class=\"elementor-icon-list-text\"><b>Tridimensional:<\/b> Para medi\u00e7\u00f5es complexas e precisas.<\/span>\n\t\t\t\t\t\t\t\t\t<\/li>\n\t\t\t\t\t\t\t\t<li class=\"elementor-icon-list-item\">\n\t\t\t\t\t\t\t\t\t\t\t<span class=\"elementor-icon-list-icon\">\n\t\t\t\t\t\t\t<svg aria-hidden=\"true\" class=\"e-font-icon-svg e-fas-check-circle\" viewBox=\"0 0 512 512\" xmlns=\"http:\/\/www.w3.org\/2000\/svg\"><path d=\"M504 256c0 136.967-111.033 248-248 248S8 392.967 8 256 119.033 8 256 8s248 111.033 248 248zM227.314 387.314l184-184c6.248-6.248 6.248-16.379 0-22.627l-22.627-22.627c-6.248-6.249-16.379-6.249-22.628 0L216 308.118l-70.059-70.059c-6.248-6.248-16.379-6.248-22.628 0l-22.627 22.627c-6.248 6.248-6.248 16.379 0 22.627l104 104c6.249 6.249 16.379 6.249 22.628.001z\"><\/path><\/svg>\t\t\t\t\t\t<\/span>\n\t\t\t\t\t\t\t\t\t\t<span class=\"elementor-icon-list-text\"><b>Projetor de Perfil:<\/b> Para inspe\u00e7\u00e3o detalhada de geometrias.<\/span>\n\t\t\t\t\t\t\t\t\t<\/li>\n\t\t\t\t\t\t\t\t<li class=\"elementor-icon-list-item\">\n\t\t\t\t\t\t\t\t\t\t\t<span class=\"elementor-icon-list-icon\">\n\t\t\t\t\t\t\t<svg aria-hidden=\"true\" class=\"e-font-icon-svg e-fas-check-circle\" viewBox=\"0 0 512 512\" xmlns=\"http:\/\/www.w3.org\/2000\/svg\"><path d=\"M504 256c0 136.967-111.033 248-248 248S8 392.967 8 256 119.033 8 256 8s248 111.033 248 248zM227.314 387.314l184-184c6.248-6.248 6.248-16.379 0-22.627l-22.627-22.627c-6.248-6.249-16.379-6.249-22.628 0L216 308.118l-70.059-70.059c-6.248-6.248-16.379-6.248-22.628 0l-22.627 22.627c-6.248 6.248-6.248 16.379 0 22.627l104 104c6.249 6.249 16.379 6.249 22.628.001z\"><\/path><\/svg>\t\t\t\t\t\t<\/span>\n\t\t\t\t\t\t\t\t\t\t<span class=\"elementor-icon-list-text\"><b>Rugos\u00edmetro:<\/b> Para controle da rugosidade e acabamento de superf\u00edcies.<\/span>\n\t\t\t\t\t\t\t\t\t<\/li>\n\t\t\t\t\t\t<\/ul>\n\t\t\t\t\t\t<\/div>\n\t\t\t\t<\/div>\n\t\t<div class=\"elementor-element elementor-element-5421d4b3 e-con-full e-flex elementor-invisible e-con e-child\" data-id=\"5421d4b3\" data-element_type=\"container\" data-settings=\"{&quot;animation&quot;:&quot;fadeInRight&quot;,&quot;animation_delay&quot;:200}\">\n\t\t\t\t<div class=\"elementor-element elementor-element-75b4d208 elementor-widget elementor-widget-image\" data-id=\"75b4d208\" data-element_type=\"widget\" data-widget_type=\"image.default\">\n\t\t\t\t\t\t\t\t\t\t\t\t\t\t\t<img decoding=\"async\" src=\"https:\/\/sites.ouseweb.com.br\/fourtech\/wp-content\/uploads\/elementor\/thumbs\/metrologia-dimensional-rdcftjf67kflxwwe18vpjdcok5cub2n0bjakpjarmg.jpg\" title=\"metrologia-dimensional\" alt=\"metrologia-dimensional\" class=\"elementor-animation-grow\" loading=\"lazy\" \/>\t\t\t\t\t\t\t\t\t\t\t\t\t\t\t<\/div>\n\t\t\t\t<div class=\"elementor-element elementor-element-3a7b0db3 elementor-absolute elementor-widget elementor-widget-image\" data-id=\"3a7b0db3\" data-element_type=\"widget\" data-settings=\"{&quot;_position&quot;:&quot;absolute&quot;}\" data-widget_type=\"image.default\">\n\t\t\t\t\t\t\t\t\t\t\t\t\t\t\t<img decoding=\"async\" width=\"1334\" height=\"2560\" src=\"https:\/\/sites.ouseweb.com.br\/fourtech\/wp-content\/uploads\/2025\/10\/ilustracao-3d-vermleha-scaled.png\" class=\"attachment-full size-full wp-image-67\" alt=\"\" srcset=\"https:\/\/sites.ouseweb.com.br\/fourtech\/wp-content\/uploads\/2025\/10\/ilustracao-3d-vermleha-scaled.png 1334w, https:\/\/sites.ouseweb.com.br\/fourtech\/wp-content\/uploads\/2025\/10\/ilustracao-3d-vermleha-156x300.png 156w, https:\/\/sites.ouseweb.com.br\/fourtech\/wp-content\/uploads\/2025\/10\/ilustracao-3d-vermleha-534x1024.png 534w, https:\/\/sites.ouseweb.com.br\/fourtech\/wp-content\/uploads\/2025\/10\/ilustracao-3d-vermleha-768x1474.png 768w, https:\/\/sites.ouseweb.com.br\/fourtech\/wp-content\/uploads\/2025\/10\/ilustracao-3d-vermleha-800x1536.png 800w, https:\/\/sites.ouseweb.com.br\/fourtech\/wp-content\/uploads\/2025\/10\/ilustracao-3d-vermleha-1067x2048.png 1067w\" sizes=\"(max-width: 1334px) 100vw, 1334px\" \/>\t\t\t\t\t\t\t\t\t\t\t\t\t\t\t<\/div>\n\t\t\t\t<\/div>\n\t\t\t\t\t<\/div>\n\t\t\t\t<\/div>\n\t\t\t\t<\/div>\n\t\t","protected":false},"excerpt":{"rendered":"<p>ESTRUTURA FABRIL Tecnologia de Ponta a Servi\u00e7o da Sua Precis\u00e3o Nossa for\u00e7a reside em nosso moderno parque fabril. Investimos continuamente em equipamentos de alta tecnologia para garantir a versatilidade, agilidade e, principalmente, a precis\u00e3o que seu projeto exige. Cada m\u00e1quina \u00e9 uma ferramenta para transformar desafios complexos em realidade com a m\u00e1xima efici\u00eancia. ESTRUTURA FABRIL [&hellip;]<\/p>\n","protected":false},"author":1,"featured_media":0,"parent":0,"menu_order":0,"comment_status":"closed","ping_status":"closed","template":"elementor_header_footer","meta":{"footnotes":""},"class_list":["post-16","page","type-page","status-publish","hentry"],"_links":{"self":[{"href":"https:\/\/sites.ouseweb.com.br\/fourtech\/wp-json\/wp\/v2\/pages\/16","targetHints":{"allow":["GET"]}}],"collection":[{"href":"https:\/\/sites.ouseweb.com.br\/fourtech\/wp-json\/wp\/v2\/pages"}],"about":[{"href":"https:\/\/sites.ouseweb.com.br\/fourtech\/wp-json\/wp\/v2\/types\/page"}],"author":[{"embeddable":true,"href":"https:\/\/sites.ouseweb.com.br\/fourtech\/wp-json\/wp\/v2\/users\/1"}],"replies":[{"embeddable":true,"href":"https:\/\/sites.ouseweb.com.br\/fourtech\/wp-json\/wp\/v2\/comments?post=16"}],"version-history":[{"count":16,"href":"https:\/\/sites.ouseweb.com.br\/fourtech\/wp-json\/wp\/v2\/pages\/16\/revisions"}],"predecessor-version":[{"id":213,"href":"https:\/\/sites.ouseweb.com.br\/fourtech\/wp-json\/wp\/v2\/pages\/16\/revisions\/213"}],"wp:attachment":[{"href":"https:\/\/sites.ouseweb.com.br\/fourtech\/wp-json\/wp\/v2\/media?parent=16"}],"curies":[{"name":"wp","href":"https:\/\/api.w.org\/{rel}","templated":true}]}}